{"id":2325,"date":"2020-10-07T16:35:10","date_gmt":"2020-10-07T16:35:10","guid":{"rendered":"https:\/\/selerys.fr\/?page_id=2325"},"modified":"2025-03-21T16:26:57","modified_gmt":"2025-03-21T16:26:57","slug":"careers-2","status":"publish","type":"page","link":"https:\/\/selerys.fr\/de\/careers-2\/","title":{"rendered":"Karriere"},"content":{"rendered":"\t\t<div data-elementor-type=\"wp-page\" data-elementor-id=\"2325\" class=\"elementor elementor-2325 elementor-1021\">\n\t\t\t\t\t\t<section class=\"elementor-section elementor-top-section elementor-element elementor-element-61849b3 elementor-section-stretched elementor-section-height-full elementor-section-boxed elementor-section-height-default elementor-section-items-middle\" data-id=\"61849b3\" data-element_type=\"section\" data-e-type=\"section\" data-settings=\"{&quot;stretch_section&quot;:&quot;section-stretched&quot;,&quot;background_background&quot;:&quot;classic&quot;}\">\n\t\t\t\t\t\t\t<div class=\"elementor-background-overlay\"><\/div>\n\t\t\t\t\t\t\t<div class=\"elementor-container elementor-column-gap-no\">\n\t\t\t\t\t<div class=\"elementor-column elementor-col-100 elementor-top-column elementor-element elementor-element-f1e771d\" data-id=\"f1e771d\" data-element_type=\"column\" data-e-type=\"column\">\n\t\t\t<div class=\"elementor-widget-wrap elementor-element-populated\">\n\t\t\t\t\t\t<div class=\"elementor-element elementor-element-eb3356c elementor-widget elementor-widget-heading\" data-id=\"eb3356c\" data-element_type=\"widget\" data-e-type=\"widget\" data-widget_type=\"heading.default\">\n\t\t\t\t<div class=\"elementor-widget-container\">\n\t\t\t\t\t<h1 class=\"elementor-heading-title elementor-size-default\">Karriere<\/h1>\t\t\t\t<\/div>\n\t\t\t\t<\/div>\n\t\t\t\t<div class=\"elementor-element elementor-element-f160c35 elementor-widget elementor-widget-button\" data-id=\"f160c35\" data-element_type=\"widget\" data-e-type=\"widget\" data-widget_type=\"button.default\">\n\t\t\t\t<div class=\"elementor-widget-container\">\n\t\t\t\t\t\t\t\t\t<div class=\"elementor-button-wrapper\">\n\t\t\t\t\t<a class=\"elementor-button elementor-button-link elementor-size-sm\" href=\"\/contact\">\n\t\t\t\t\t\t<span class=\"elementor-button-content-wrapper\">\n\t\t\t\t\t\t\t\t\t<span class=\"elementor-button-text\">Kontaktieren Sie uns<\/span>\n\t\t\t\t\t<\/span>\n\t\t\t\t\t<\/a>\n\t\t\t\t<\/div>\n\t\t\t\t\t\t\t\t<\/div>\n\t\t\t\t<\/div>\n\t\t\t\t\t<\/div>\n\t\t<\/div>\n\t\t\t\t\t<\/div>\n\t\t<\/section>\n\t\t\t\t<section class=\"elementor-section elementor-top-section elementor-element elementor-element-d56b54c elementor-section-content-middle elementor-section-boxed elementor-section-height-default elementor-section-height-default\" data-id=\"d56b54c\" data-element_type=\"section\" data-e-type=\"section\" data-settings=\"{&quot;background_background&quot;:&quot;classic&quot;}\">\n\t\t\t\t\t\t<div class=\"elementor-container elementor-column-gap-default\">\n\t\t\t\t\t<div class=\"elementor-column elementor-col-50 elementor-top-column elementor-element elementor-element-70f1708\" data-id=\"70f1708\" data-element_type=\"column\" data-e-type=\"column\">\n\t\t\t<div class=\"elementor-widget-wrap elementor-element-populated\">\n\t\t\t\t\t\t<div class=\"elementor-element elementor-element-000a2ba elementor-widget elementor-widget-text-editor\" data-id=\"000a2ba\" data-element_type=\"widget\" data-e-type=\"widget\" data-widget_type=\"text-editor.default\">\n\t\t\t\t<div class=\"elementor-widget-container\">\n\t\t\t\t\t\t\t\t\t<p class=\"p1\"><span class=\"s1\">KOMMEN SIE JETZT IN UNSER TEAM<\/span><\/p>\t\t\t\t\t\t\t\t<\/div>\n\t\t\t\t<\/div>\n\t\t\t\t\t<\/div>\n\t\t<\/div>\n\t\t\t\t<div class=\"elementor-column elementor-col-50 elementor-top-column elementor-element elementor-element-a1597c0\" data-id=\"a1597c0\" data-element_type=\"column\" data-e-type=\"column\">\n\t\t\t<div class=\"elementor-widget-wrap elementor-element-populated\">\n\t\t\t\t\t\t<div class=\"elementor-element elementor-element-73ec17a elementor-widget elementor-widget-text-editor\" data-id=\"73ec17a\" data-element_type=\"widget\" data-e-type=\"widget\" data-widget_type=\"text-editor.default\">\n\t\t\t\t<div class=\"elementor-widget-container\">\n\t\t\t\t\t\t\t\t\t<p class=\"p1\">Sich <strong>SELERYS<\/strong> anzuschlie\u00dfen bedeutet, sich in ein innovatives Unternehmen mit starkem Wachstum zu integrieren. Unser Ziel: die Qualit\u00e4t der Dienstleistungen zu gew\u00e4hrleisten, die wir tagt\u00e4glich unseren Kunden bieten. Der Teamzusammenhalt ist ein wichtiger Punkt bei unserem Einstellungsprozess. Deshalb lernt jeder Kandidat sein Team kennen, bevor er f\u00fcr uns t\u00e4tig wird. Wir m\u00f6chten talentierte und leidenschaftliche Menschen gewinnen und sie bef\u00e4higen, ihr Potential beim Management ihrer Projekte voll auszusch\u00f6pfen. Wenn Sie \u00fcber hervorragenden Teamgeist verf\u00fcgen und den Wunsch haben, sich selbst und die Ergebniskultur zu \u00fcbertreffen, dann bewerben Sie sich bei uns! Momentan gibt es keine passenden Angebote f\u00fcr Sie oder es sind keine Angebote vorhanden? Wir freuen uns auch \u00fcber Ihre Initiativbewerbung.<\/p>\t\t\t\t\t\t\t\t<\/div>\n\t\t\t\t<\/div>\n\t\t\t\t<div class=\"elementor-element elementor-element-22ca9a6 elementor-button-warning elementor-mobile-align-center elementor-widget elementor-widget-button\" data-id=\"22ca9a6\" data-element_type=\"widget\" data-e-type=\"widget\" data-widget_type=\"button.default\">\n\t\t\t\t<div class=\"elementor-widget-container\">\n\t\t\t\t\t\t\t\t\t<div class=\"elementor-button-wrapper\">\n\t\t\t\t\t<a class=\"elementor-button elementor-button-link elementor-size-sm elementor-animation-bob\" href=\"mailto:contact@selerys.fr\" target=\"_blank\">\n\t\t\t\t\t\t<span class=\"elementor-button-content-wrapper\">\n\t\t\t\t\t\t\t\t\t<span class=\"elementor-button-text\">JETZT BEWERBEM<\/span>\n\t\t\t\t\t<\/span>\n\t\t\t\t\t<\/a>\n\t\t\t\t<\/div>\n\t\t\t\t\t\t\t\t<\/div>\n\t\t\t\t<\/div>\n\t\t\t\t\t<\/div>\n\t\t<\/div>\n\t\t\t\t\t<\/div>\n\t\t<\/section>\n\t\t\t\t<\/div>\n\t\t","protected":false},"excerpt":{"rendered":"<p>Karriere Kontaktieren Sie uns KOMMEN SIE JETZT IN UNSER TEAM Sich SELERYS anzuschlie\u00dfen bedeutet, sich in ein innovatives Unternehmen mit [&hellip;]<\/p>\n","protected":false},"author":1,"featured_media":0,"parent":0,"menu_order":0,"comment_status":"closed","ping_status":"closed","template":"","meta":{"content-type":"","site-sidebar-layout":"default","site-content-layout":"","ast-site-content-layout":"default","site-content-style":"default","site-sidebar-style":"default","ast-global-header-display":"","ast-banner-title-visibility":"","ast-main-header-display":"","ast-hfb-above-header-display":"","ast-hfb-below-header-display":"","ast-hfb-mobile-header-display":"","site-post-title":"","ast-breadcrumbs-content":"","ast-featured-img":"","footer-sml-layout":"","ast-disable-related-posts":"","theme-transparent-header-meta":"","adv-header-id-meta":"","stick-header-meta":"","header-above-stick-meta":"","header-main-stick-meta":"","header-below-stick-meta":"","astra-migrate-meta-layouts":"default","ast-page-background-enabled":"default","ast-page-background-meta":{"desktop":{"background-color":"var(--ast-global-color-4)","background-image":"","background-repeat":"repeat","background-position":"center center","background-size":"auto","background-attachment":"scroll","background-type":"","background-media":"","overlay-type":"","overlay-color":"","overlay-opacity":"","overlay-gradient":""},"tablet":{"background-color":"","background-image":"","background-repeat":"repeat","background-position":"center center","background-size":"auto","background-attachment":"scroll","background-type":"","background-media":"","overlay-type":"","overlay-color":"","overlay-opacity":"","overlay-gradient":""},"mobile":{"background-color":"","background-image":"","background-repeat":"repeat","background-position":"center center","background-size":"auto","background-attachment":"scroll","background-type":"","background-media":"","overlay-type":"","overlay-color":"","overlay-opacity":"","overlay-gradient":""}},"ast-content-background-meta":{"desktop":{"background-color":"var(--ast-global-color-5)","background-image":"","background-repeat":"repeat","background-position":"center center","background-size":"auto","background-attachment":"scroll","background-type":"","background-media":"","overlay-type":"","overlay-color":"","overlay-opacity":"","overlay-gradient":""},"tablet":{"background-color":"var(--ast-global-color-5)","background-image":"","background-repeat":"repeat","background-position":"center center","background-size":"auto","background-attachment":"scroll","background-type":"","background-media":"","overlay-type":"","overlay-color":"","overlay-opacity":"","overlay-gradient":""},"mobile":{"background-color":"var(--ast-global-color-5)","background-image":"","background-repeat":"repeat","background-position":"center center","background-size":"auto","background-attachment":"scroll","background-type":"","background-media":"","overlay-type":"","overlay-color":"","overlay-opacity":"","overlay-gradient":""}},"footnotes":""},"class_list":["post-2325","page","type-page","status-publish","hentry"],"yoast_head":"<!-- This site is optimized with the Yoast SEO plugin v27.4 - https:\/\/yoast.com\/product\/yoast-seo-wordpress\/ -->\n<title>Karriere - Selerys<\/title>\n<meta name=\"robots\" content=\"index, follow, max-snippet:-1, max-image-preview:large, max-video-preview:-1\" \/>\n<link rel=\"canonical\" href=\"https:\/\/selerys.fr\/de\/careers-2\/\" \/>\n<meta property=\"og:locale\" content=\"de_DE\" \/>\n<meta property=\"og:type\" content=\"article\" \/>\n<meta property=\"og:title\" content=\"Karriere - Selerys\" \/>\n<meta property=\"og:description\" content=\"Karriere Kontaktieren Sie uns KOMMEN SIE JETZT IN UNSER TEAM Sich SELERYS anzuschlie\u00dfen bedeutet, sich in ein innovatives Unternehmen mit [&hellip;]\" \/>\n<meta property=\"og:url\" content=\"https:\/\/selerys.fr\/de\/careers-2\/\" \/>\n<meta property=\"og:site_name\" content=\"Selerys\" \/>\n<meta property=\"article:modified_time\" content=\"2025-03-21T16:26:57+00:00\" \/>\n<meta name=\"twitter:card\" content=\"summary_large_image\" \/>\n<meta name=\"twitter:label1\" content=\"Gesch\u00e4tzte Lesezeit\" \/>\n\t<meta name=\"twitter:data1\" content=\"1\u00a0Minute\" \/>\n<script type=\"application\/ld+json\" class=\"yoast-schema-graph\">{\"@context\":\"https:\\\/\\\/schema.org\",\"@graph\":[{\"@type\":\"WebPage\",\"@id\":\"https:\\\/\\\/selerys.fr\\\/de\\\/careers-2\\\/\",\"url\":\"https:\\\/\\\/selerys.fr\\\/de\\\/careers-2\\\/\",\"name\":\"Karriere - Selerys\",\"isPartOf\":{\"@id\":\"https:\\\/\\\/selerys.fr\\\/en\\\/#website\"},\"datePublished\":\"2020-10-07T16:35:10+00:00\",\"dateModified\":\"2025-03-21T16:26:57+00:00\",\"breadcrumb\":{\"@id\":\"https:\\\/\\\/selerys.fr\\\/de\\\/careers-2\\\/#breadcrumb\"},\"inLanguage\":\"de\",\"potentialAction\":[{\"@type\":\"ReadAction\",\"target\":[\"https:\\\/\\\/selerys.fr\\\/de\\\/careers-2\\\/\"]}]},{\"@type\":\"BreadcrumbList\",\"@id\":\"https:\\\/\\\/selerys.fr\\\/de\\\/careers-2\\\/#breadcrumb\",\"itemListElement\":[{\"@type\":\"ListItem\",\"position\":1,\"name\":\"Home\",\"item\":\"https:\\\/\\\/selerys.fr\\\/en\\\/\"},{\"@type\":\"ListItem\",\"position\":2,\"name\":\"Karriere\"}]},{\"@type\":\"WebSite\",\"@id\":\"https:\\\/\\\/selerys.fr\\\/en\\\/#website\",\"url\":\"https:\\\/\\\/selerys.fr\\\/en\\\/\",\"name\":\"Selerys\",\"description\":\"Operationnal Technologies for Meteorological Challenges\",\"publisher\":{\"@id\":\"https:\\\/\\\/selerys.fr\\\/en\\\/#organization\"},\"potentialAction\":[{\"@type\":\"SearchAction\",\"target\":{\"@type\":\"EntryPoint\",\"urlTemplate\":\"https:\\\/\\\/selerys.fr\\\/en\\\/?s={search_term_string}\"},\"query-input\":{\"@type\":\"PropertyValueSpecification\",\"valueRequired\":true,\"valueName\":\"search_term_string\"}}],\"inLanguage\":\"de\"},{\"@type\":\"Organization\",\"@id\":\"https:\\\/\\\/selerys.fr\\\/en\\\/#organization\",\"name\":\"Selerys\",\"url\":\"https:\\\/\\\/selerys.fr\\\/en\\\/\",\"logo\":{\"@type\":\"ImageObject\",\"inLanguage\":\"de\",\"@id\":\"https:\\\/\\\/selerys.fr\\\/en\\\/#\\\/schema\\\/logo\\\/image\\\/\",\"url\":\"https:\\\/\\\/selerys.fr\\\/wp-content\\\/uploads\\\/2020\\\/06\\\/Logo_Selery_White.png\",\"contentUrl\":\"https:\\\/\\\/selerys.fr\\\/wp-content\\\/uploads\\\/2020\\\/06\\\/Logo_Selery_White.png\",\"width\":1029,\"height\":369,\"caption\":\"Selerys\"},\"image\":{\"@id\":\"https:\\\/\\\/selerys.fr\\\/en\\\/#\\\/schema\\\/logo\\\/image\\\/\"}}]}<\/script>\n<!-- \/ Yoast SEO plugin. -->","yoast_head_json":{"title":"Karriere - Selerys","robots":{"index":"index","follow":"follow","max-snippet":"max-snippet:-1","max-image-preview":"max-image-preview:large","max-video-preview":"max-video-preview:-1"},"canonical":"https:\/\/selerys.fr\/de\/careers-2\/","og_locale":"de_DE","og_type":"article","og_title":"Karriere - Selerys","og_description":"Karriere Kontaktieren Sie uns KOMMEN SIE JETZT IN UNSER TEAM Sich SELERYS anzuschlie\u00dfen bedeutet, sich in ein innovatives Unternehmen mit [&hellip;]","og_url":"https:\/\/selerys.fr\/de\/careers-2\/","og_site_name":"Selerys","article_modified_time":"2025-03-21T16:26:57+00:00","twitter_card":"summary_large_image","twitter_misc":{"Gesch\u00e4tzte Lesezeit":"1\u00a0Minute"},"schema":{"@context":"https:\/\/schema.org","@graph":[{"@type":"WebPage","@id":"https:\/\/selerys.fr\/de\/careers-2\/","url":"https:\/\/selerys.fr\/de\/careers-2\/","name":"Karriere - Selerys","isPartOf":{"@id":"https:\/\/selerys.fr\/en\/#website"},"datePublished":"2020-10-07T16:35:10+00:00","dateModified":"2025-03-21T16:26:57+00:00","breadcrumb":{"@id":"https:\/\/selerys.fr\/de\/careers-2\/#breadcrumb"},"inLanguage":"de","potentialAction":[{"@type":"ReadAction","target":["https:\/\/selerys.fr\/de\/careers-2\/"]}]},{"@type":"BreadcrumbList","@id":"https:\/\/selerys.fr\/de\/careers-2\/#breadcrumb","itemListElement":[{"@type":"ListItem","position":1,"name":"Home","item":"https:\/\/selerys.fr\/en\/"},{"@type":"ListItem","position":2,"name":"Karriere"}]},{"@type":"WebSite","@id":"https:\/\/selerys.fr\/en\/#website","url":"https:\/\/selerys.fr\/en\/","name":"Selerys","description":"Operationnal Technologies for Meteorological Challenges","publisher":{"@id":"https:\/\/selerys.fr\/en\/#organization"},"potentialAction":[{"@type":"SearchAction","target":{"@type":"EntryPoint","urlTemplate":"https:\/\/selerys.fr\/en\/?s={search_term_string}"},"query-input":{"@type":"PropertyValueSpecification","valueRequired":true,"valueName":"search_term_string"}}],"inLanguage":"de"},{"@type":"Organization","@id":"https:\/\/selerys.fr\/en\/#organization","name":"Selerys","url":"https:\/\/selerys.fr\/en\/","logo":{"@type":"ImageObject","inLanguage":"de","@id":"https:\/\/selerys.fr\/en\/#\/schema\/logo\/image\/","url":"https:\/\/selerys.fr\/wp-content\/uploads\/2020\/06\/Logo_Selery_White.png","contentUrl":"https:\/\/selerys.fr\/wp-content\/uploads\/2020\/06\/Logo_Selery_White.png","width":1029,"height":369,"caption":"Selerys"},"image":{"@id":"https:\/\/selerys.fr\/en\/#\/schema\/logo\/image\/"}}]}},"_links":{"self":[{"href":"https:\/\/selerys.fr\/de\/wp-json\/wp\/v2\/pages\/2325","targetHints":{"allow":["GET"]}}],"collection":[{"href":"https:\/\/selerys.fr\/de\/wp-json\/wp\/v2\/pages"}],"about":[{"href":"https:\/\/selerys.fr\/de\/wp-json\/wp\/v2\/types\/page"}],"author":[{"embeddable":true,"href":"https:\/\/selerys.fr\/de\/wp-json\/wp\/v2\/users\/1"}],"replies":[{"embeddable":true,"href":"https:\/\/selerys.fr\/de\/wp-json\/wp\/v2\/comments?post=2325"}],"version-history":[{"count":15,"href":"https:\/\/selerys.fr\/de\/wp-json\/wp\/v2\/pages\/2325\/revisions"}],"predecessor-version":[{"id":7370,"href":"https:\/\/selerys.fr\/de\/wp-json\/wp\/v2\/pages\/2325\/revisions\/7370"}],"wp:attachment":[{"href":"https:\/\/selerys.fr\/de\/wp-json\/wp\/v2\/media?parent=2325"}],"curies":[{"name":"wp","href":"https:\/\/api.w.org\/{rel}","templated":true}]}}